{"id":37,"date":"2021-03-16T19:05:53","date_gmt":"2021-03-16T18:05:53","guid":{"rendered":"https:\/\/www.tollegno1900.it\/nuovosito\/?page_id=37"},"modified":"2022-11-17T10:05:17","modified_gmt":"2022-11-17T09:05:17","slug":"chi-siamo","status":"publish","type":"page","link":"https:\/\/www.tollegno1900.it\/it\/chi-siamo\/","title":{"rendered":"Chi siamo"},"content":{"rendered":"\t\t<div data-elementor-type=\"wp-page\" data-elementor-id=\"37\" class=\"elementor elementor-37\" data-elementor-post-type=\"page\">\n\t\t\t\t\t\t<section class=\"elementor-section elementor-top-section elementor-element elementor-element-8b970c2 elementor-section-full_width elementor-section-height-min-height elementor-section-height-default elementor-section-items-middle\" data-id=\"8b970c2\" data-element_type=\"section\" data-settings=\"{&quot;background_background&quot;:&quot;classic&quot;}\">\n\t\t\t\t\t\t<div class=\"elementor-container elementor-column-gap-default\">\n\t\t\t\t\t<div class=\"elementor-column elementor-col-100 elementor-top-column elementor-element elementor-element-2ce2751\" data-id=\"2ce2751\" data-element_type=\"column\">\n\t\t\t<div class=\"elementor-widget-wrap\">\n\t\t\t\t\t\t\t<\/div>\n\t\t<\/div>\n\t\t\t\t\t<\/div>\n\t\t<\/section>\n\t\t\t\t<section class=\"elementor-section elementor-top-section elementor-element elementor-element-3baa080 elementor-section-boxed elementor-section-height-default elementor-section-height-default\" data-id=\"3baa080\" data-element_type=\"section\">\n\t\t\t\t\t\t<div class=\"elementor-container elementor-column-gap-default\">\n\t\t\t\t\t<div class=\"elementor-column elementor-col-100 elementor-top-column elementor-element elementor-element-2dcea14\" data-id=\"2dcea14\" data-element_type=\"column\">\n\t\t\t<div class=\"elementor-widget-wrap elementor-element-populated\">\n\t\t\t\t\t\t<div class=\"elementor-element elementor-element-e63c61e elementor-widget elementor-widget-heading\" data-id=\"e63c61e\" data-element_type=\"widget\" data-widget_type=\"heading.default\">\n\t\t\t\t<div class=\"elementor-widget-container\">\n\t\t\t\t\t<h1 class=\"elementor-heading-title elementor-size-default\">E\u2019 la lana a raccontare chi siamo<\/h1>\t\t\t\t<\/div>\n\t\t\t\t<\/div>\n\t\t\t\t<div class=\"elementor-element elementor-element-888623d elementor-widget elementor-widget-heading\" data-id=\"888623d\" data-element_type=\"widget\" data-widget_type=\"heading.default\">\n\t\t\t\t<div class=\"elementor-widget-container\">\n\t\t\t\t\t<h2 class=\"elementor-heading-title elementor-size-default\">Siamo tra le principali aziende italiane produttrici di filati, da sempre attente alla sostenibilit\u00e0 e all\u2019innovazione ed impegnate a promuovere il saper fare italiano nel mondo  <\/h2>\t\t\t\t<\/div>\n\t\t\t\t<\/div>\n\t\t\t\t\t<\/div>\n\t\t<\/div>\n\t\t\t\t\t<\/div>\n\t\t<\/section>\n\t\t\t\t<section class=\"elementor-section elementor-top-section elementor-element elementor-element-c657cb2 elementor-section-full_width elementor-section-content-middle elementor-section-height-default elementor-section-height-default\" data-id=\"c657cb2\" data-element_type=\"section\">\n\t\t\t\t\t\t<div class=\"elementor-container elementor-column-gap-no\">\n\t\t\t\t\t<div class=\"elementor-column elementor-col-100 elementor-top-column elementor-element elementor-element-351db6e\" data-id=\"351db6e\" data-element_type=\"column\">\n\t\t\t<div class=\"elementor-widget-wrap elementor-element-populated\">\n\t\t\t\t\t\t<section class=\"elementor-section elementor-inner-section elementor-element elementor-element-5fc04ff elementor-section-content-middle elementor-section-boxed elementor-section-height-default elementor-section-height-default\" data-id=\"5fc04ff\" data-element_type=\"section\">\n\t\t\t\t\t\t<div class=\"elementor-container elementor-column-gap-default\">\n\t\t\t\t\t<div class=\"elementor-column elementor-col-100 elementor-inner-column elementor-element elementor-element-78f0492\" data-id=\"78f0492\" data-element_type=\"column\">\n\t\t\t<div class=\"elementor-widget-wrap elementor-element-populated\">\n\t\t\t\t\t\t<div class=\"elementor-element elementor-element-9d01358 elementor-widget elementor-widget-video\" data-id=\"9d01358\" data-element_type=\"widget\" data-settings=\"{&quot;video_type&quot;:&quot;hosted&quot;,&quot;autoplay&quot;:&quot;yes&quot;,&quot;play_on_mobile&quot;:&quot;yes&quot;,&quot;controls&quot;:&quot;yes&quot;}\" data-widget_type=\"video.default\">\n\t\t\t\t<div class=\"elementor-widget-container\">\n\t\t\t\t\t\t\t<div class=\"e-hosted-video elementor-wrapper elementor-open-inline\">\n\t\t\t\t\t<video class=\"elementor-video\" src=\"https:\/\/www.tollegno1900.it\/wp-content\/uploads\/2022\/11\/il_filo_rosso_-_tollegno1900-720p.mp4\" autoplay=\"\" controls=\"\" playsinline=\"\" controlsList=\"nodownload\"><\/video>\n\t\t\t\t<\/div>\n\t\t\t\t\t\t<\/div>\n\t\t\t\t<\/div>\n\t\t\t\t<div class=\"elementor-element elementor-element-754fac7 elementor-widget elementor-widget-text-editor\" data-id=\"754fac7\" data-element_type=\"widget\" data-widget_type=\"text-editor.default\">\n\t\t\t\t<div class=\"elementor-widget-container\">\n\t\t\t\t\t\t\t\t\t<p>Siamo nati nel 1900 e in oltre 100 anni di storia abbiamo dato vita ad un progetto che ha scelto la lana merino e le fibre pregiate come punti fermi, la qualit\u00e0, l\u2019innovazione e la sostenibilit\u00e0 come cardini.<\/p><p>A definirci sono una solida competenza costruita negli anni, un saper fare tenacemente italiano ed uno sguardo internazionale che ci hanno permesso di far viaggiare i nostri prodotti nel mondo.<\/p><p>Siamo orgogliosamente legati alla nostra storia, ma sempre orientati al futuro; promoviamo e valorizziamo la nostra terra, ma siamo proiettati nel mondo come confermano le nostre sedi di New York, Hong Kong, Shanghai e Osaka; facciamo della tradizione tessile laniera biellese il trampolino per sviluppare nuovi paradigmi che favoriscano la crescita del nostro comparto.<\/p>\t\t\t\t\t\t\t\t<\/div>\n\t\t\t\t<\/div>\n\t\t\t\t\t<\/div>\n\t\t<\/div>\n\t\t\t\t\t<\/div>\n\t\t<\/section>\n\t\t\t\t\t<\/div>\n\t\t<\/div>\n\t\t\t\t\t<\/div>\n\t\t<\/section>\n\t\t\t\t<section class=\"elementor-section elementor-top-section elementor-element elementor-element-cdf9960 elementor-section-height-min-height elementor-section-boxed elementor-section-height-default elementor-section-items-middle\" data-id=\"cdf9960\" data-element_type=\"section\" data-settings=\"{&quot;background_background&quot;:&quot;classic&quot;}\">\n\t\t\t\t\t\t<div class=\"elementor-container elementor-column-gap-default\">\n\t\t\t\t\t<div class=\"elementor-column elementor-col-100 elementor-top-column elementor-element elementor-element-cb01b8c\" data-id=\"cb01b8c\" data-element_type=\"column\">\n\t\t\t<div class=\"elementor-widget-wrap\">\n\t\t\t\t\t\t\t<\/div>\n\t\t<\/div>\n\t\t\t\t\t<\/div>\n\t\t<\/section>\n\t\t\t\t<section class=\"elementor-section elementor-top-section elementor-element elementor-element-e4e637b elementor-section-full_width elementor-section-height-default elementor-section-height-default\" data-id=\"e4e637b\" data-element_type=\"section\">\n\t\t\t\t\t\t<div class=\"elementor-container elementor-column-gap-no\">\n\t\t\t\t\t<div class=\"elementor-column elementor-col-100 elementor-top-column elementor-element elementor-element-e6e0112\" data-id=\"e6e0112\" data-element_type=\"column\">\n\t\t\t<div class=\"elementor-widget-wrap elementor-element-populated\">\n\t\t\t\t\t\t<section class=\"elementor-section elementor-inner-section elementor-element elementor-element-1306e0f elementor-section-boxed elementor-section-height-default elementor-section-height-default\" data-id=\"1306e0f\" data-element_type=\"section\">\n\t\t\t\t\t\t<div class=\"elementor-container elementor-column-gap-default\">\n\t\t\t\t\t<div class=\"elementor-column elementor-col-100 elementor-inner-column elementor-element elementor-element-a91e48b\" data-id=\"a91e48b\" data-element_type=\"column\">\n\t\t\t<div class=\"elementor-widget-wrap elementor-element-populated\">\n\t\t\t\t\t\t<div class=\"elementor-element elementor-element-c8031ce elementor-widget elementor-widget-image\" data-id=\"c8031ce\" data-element_type=\"widget\" data-widget_type=\"image.default\">\n\t\t\t\t<div class=\"elementor-widget-container\">\n\t\t\t\t\t\t\t\t\t\t\t\t\t\t\t<img fetchpriority=\"high\" decoding=\"async\" width=\"1201\" height=\"612\" src=\"https:\/\/www.tollegno1900.it\/wp-content\/uploads\/2021\/03\/chi-siamo2.jpg\" class=\"attachment-full size-full wp-image-691\" alt=\"\" srcset=\"https:\/\/www.tollegno1900.it\/wp-content\/uploads\/2021\/03\/chi-siamo2.jpg 1201w, https:\/\/www.tollegno1900.it\/wp-content\/uploads\/2021\/03\/chi-siamo2-300x153.jpg 300w, https:\/\/www.tollegno1900.it\/wp-content\/uploads\/2021\/03\/chi-siamo2-1024x522.jpg 1024w, https:\/\/www.tollegno1900.it\/wp-content\/uploads\/2021\/03\/chi-siamo2-768x391.jpg 768w\" sizes=\"(max-width: 1201px) 100vw, 1201px\" \/>\t\t\t\t\t\t\t\t\t\t\t\t\t\t\t<\/div>\n\t\t\t\t<\/div>\n\t\t\t\t<div class=\"elementor-element elementor-element-ad19e33 elementor-widget elementor-widget-text-editor\" data-id=\"ad19e33\" data-element_type=\"widget\" data-widget_type=\"text-editor.default\">\n\t\t\t\t<div class=\"elementor-widget-container\">\n\t\t\t\t\t\t\t\t\t<p>La ricerca \u00e8 la nostra guida e l\u2019attenzione all\u2019ambiente una responsabilit\u00e0 ed un dovere etico. A codificarlo sono scelte e investimenti coerenti con questa filosofia, sia che si tratti della struttura della nostra azienda, raro esempio di archeologia industriale, sia dei metodi di lavorazione di filati e tessuti e delle certificazioni che attestano il nostro impegno e la nostra vocazione alla <a href=\"https:\/\/www.tollegno1900.it\/it\/sostenibilita-e-tracciabilita\/\">sostenibilit\u00e0<\/a>.<\/p><p>Sperimentare non ci spaventa, cercare soluzioni innovative che ci permettano di migliorare i nostri prodotti e servizi \u00e8 tra le nostre priorit\u00e0, per il cui raggiungimento destiniamo costanti risorse.<\/p><p>Aprirci a nuove progettualit\u00e0 \u00e8 uno stimolo a cui non rinunciamo, grazie a collaborazioni con partner internazionali con cui condividiamo visioni ed obiettivi.<\/p>\t\t\t\t\t\t\t\t<\/div>\n\t\t\t\t<\/div>\n\t\t\t\t\t<\/div>\n\t\t<\/div>\n\t\t\t\t\t<\/div>\n\t\t<\/section>\n\t\t\t\t\t<\/div>\n\t\t<\/div>\n\t\t\t\t\t<\/div>\n\t\t<\/section>\n\t\t\t\t<section class=\"elementor-section elementor-top-section elementor-element elementor-element-070f596 elementor-section-full_width elementor-section-height-min-height elementor-section-height-default elementor-section-items-middle\" data-id=\"070f596\" data-element_type=\"section\" data-settings=\"{&quot;background_background&quot;:&quot;classic&quot;}\">\n\t\t\t\t\t\t<div class=\"elementor-container elementor-column-gap-default\">\n\t\t\t\t\t<div class=\"elementor-column elementor-col-100 elementor-top-column elementor-element elementor-element-65795da\" data-id=\"65795da\" data-element_type=\"column\">\n\t\t\t<div class=\"elementor-widget-wrap\">\n\t\t\t\t\t\t\t<\/div>\n\t\t<\/div>\n\t\t\t\t\t<\/div>\n\t\t<\/section>\n\t\t\t\t<section class=\"elementor-section elementor-top-section elementor-element elementor-element-08639ce elementor-section-boxed elementor-section-height-default elementor-section-height-default\" data-id=\"08639ce\" data-element_type=\"section\">\n\t\t\t\t\t\t<div class=\"elementor-container elementor-column-gap-default\">\n\t\t\t\t\t<div class=\"elementor-column elementor-col-100 elementor-top-column elementor-element elementor-element-fce47ff\" data-id=\"fce47ff\" data-element_type=\"column\">\n\t\t\t<div class=\"elementor-widget-wrap elementor-element-populated\">\n\t\t\t\t\t\t<div class=\"elementor-element elementor-element-0fd469f elementor-widget elementor-widget-heading\" data-id=\"0fd469f\" data-element_type=\"widget\" data-widget_type=\"heading.default\">\n\t\t\t\t<div class=\"elementor-widget-container\">\n\t\t\t\t\t<div class=\"elementor-heading-title elementor-size-default\">Ricerca  e innovazione sono la nostra guida, la sostenibilit\u00e0 un dovere etico e l\u2019attenzione alle nostre risorse interne e al loro benessere il nostro impegno<\/div>\t\t\t\t<\/div>\n\t\t\t\t<\/div>\n\t\t\t\t\t<\/div>\n\t\t<\/div>\n\t\t\t\t\t<\/div>\n\t\t<\/section>\n\t\t\t\t<section class=\"elementor-section elementor-top-section elementor-element elementor-element-9d5e06c elementor-section-full_width elementor-section-height-default elementor-section-height-default\" data-id=\"9d5e06c\" data-element_type=\"section\">\n\t\t\t\t\t\t<div class=\"elementor-container elementor-column-gap-no\">\n\t\t\t\t\t<div class=\"elementor-column elementor-col-100 elementor-top-column elementor-element elementor-element-204589b\" data-id=\"204589b\" data-element_type=\"column\">\n\t\t\t<div class=\"elementor-widget-wrap elementor-element-populated\">\n\t\t\t\t\t\t<section class=\"elementor-section elementor-inner-section elementor-element elementor-element-f253d29 elementor-section-boxed elementor-section-height-default elementor-section-height-default\" data-id=\"f253d29\" data-element_type=\"section\">\n\t\t\t\t\t\t<div class=\"elementor-container elementor-column-gap-default\">\n\t\t\t\t\t<div class=\"elementor-column elementor-col-100 elementor-inner-column elementor-element elementor-element-be4faad\" data-id=\"be4faad\" data-element_type=\"column\">\n\t\t\t<div class=\"elementor-widget-wrap elementor-element-populated\">\n\t\t\t\t\t\t<div class=\"elementor-element elementor-element-f551a97 elementor-widget elementor-widget-image\" data-id=\"f551a97\" data-element_type=\"widget\" data-widget_type=\"image.default\">\n\t\t\t\t<div class=\"elementor-widget-container\">\n\t\t\t\t\t\t\t\t\t\t\t\t\t\t\t<img decoding=\"async\" width=\"1000\" height=\"556\" src=\"https:\/\/www.tollegno1900.it\/wp-content\/uploads\/2022\/11\/pubblicazioni-storiche.jpg\" class=\"attachment-full size-full wp-image-6996\" alt=\"\" srcset=\"https:\/\/www.tollegno1900.it\/wp-content\/uploads\/2022\/11\/pubblicazioni-storiche.jpg 1000w, https:\/\/www.tollegno1900.it\/wp-content\/uploads\/2022\/11\/pubblicazioni-storiche-300x167.jpg 300w, https:\/\/www.tollegno1900.it\/wp-content\/uploads\/2022\/11\/pubblicazioni-storiche-768x427.jpg 768w\" sizes=\"(max-width: 1000px) 100vw, 1000px\" \/>\t\t\t\t\t\t\t\t\t\t\t\t\t\t\t<\/div>\n\t\t\t\t<\/div>\n\t\t\t\t<div class=\"elementor-element elementor-element-32fb3af elementor-widget elementor-widget-text-editor\" data-id=\"32fb3af\" data-element_type=\"widget\" data-widget_type=\"text-editor.default\">\n\t\t\t\t<div class=\"elementor-widget-container\">\n\t\t\t\t\t\t\t\t\t<p>La nostra forza sono le persone, le loro abilit\u00e0 e conoscenze, la loro passione e tenacia che ci permettono di continuare a sviluppare prodotti unici a cui dobbiamo la nostra identit\u00e0.<\/p><p>Se a sostenerci \u00e8 infatti l\u2019amore per una fibra che non ha uguali per caratteristiche e doti \u2013 la lana merinos &#8211; a connotarci \u00e8 il binomio Heritage &amp; Innovation che trova nel nostro <a href=\"https:\/\/www.archiviotollegno1900.it\/\" target=\"_blank\" rel=\"noopener\">archivio storico<\/a>, uno dei pi\u00f9 grandi a livello europeo, la sua sublimazione.<\/p><p>Da Luglio 2022, la nostra filosofia \u00e8 stata sposata da Indorama Ventures (IVL), Gruppo Thailanese tra i principali produttori petrolchimici al mondo, con un&#8217;impronta produttiva globale in Europa, Africa, Americhe e Asia Pacifico. Con 24.000 dipendenti in tutto il mondo, la Societ\u00e0 \u00e8 quotata negli indici Dow Jones Emerging Markets e World Sustainability Indices (DJSI). L\u2019acquisizione da parte di IVL rappresenta un significativo passo in avanti per lo sviluppo della nostra azienda che, pur mantenendo la storicit\u00e0 del proprio marchio e il forte legame con il territorio, si \u00e8 aperta a nuove progettualit\u00e0 in chiave internazionale.<\/p>\t\t\t\t\t\t\t\t<\/div>\n\t\t\t\t<\/div>\n\t\t\t\t\t<\/div>\n\t\t<\/div>\n\t\t\t\t\t<\/div>\n\t\t<\/section>\n\t\t\t\t\t<\/div>\n\t\t<\/div>\n\t\t\t\t\t<\/div>\n\t\t<\/section>\n\t\t\t\t<\/div>\n\t\t","protected":false},"excerpt":{"rendered":"<p>E\u2019 la lana a raccontare chi siamo Siamo tra le principali aziende italiane produttrici di filati, da sempre attente alla sostenibilit\u00e0 e all\u2019innovazione ed impegnate a promuovere il saper fare italiano nel mondo https:\/\/www.tollegno1900.it\/wp-content\/uploads\/2022\/11\/il_filo_rosso_-_tollegno1900-720p.mp4 Siamo nati nel 1900 e in oltre 100 anni di storia abbiamo dato vita ad un progetto che ha scelto la [&hellip;]<\/p>\n","protected":false},"author":2,"featured_media":0,"parent":0,"menu_order":0,"comment_status":"closed","ping_status":"closed","template":"","meta":{"_acf_changed":false,"footnotes":""},"class_list":["post-37","page","type-page","status-publish","hentry"],"acf":[],"yoast_head":"<!-- This site is optimized with the Yoast SEO plugin v27.2 - https:\/\/yoast.com\/product\/yoast-seo-wordpress\/ -->\n<title>Chi siamo - Tollegno 1900<\/title>\n<meta name=\"robots\" content=\"index, follow, max-snippet:-1, max-image-preview:large, max-video-preview:-1\" \/>\n<link rel=\"canonical\" href=\"https:\/\/www.tollegno1900.it\/it\/chi-siamo\/\" \/>\n<meta property=\"og:locale\" content=\"it_IT\" \/>\n<meta property=\"og:type\" content=\"article\" \/>\n<meta property=\"og:title\" content=\"Chi siamo - Tollegno 1900\" \/>\n<meta property=\"og:description\" content=\"E\u2019 la lana a raccontare chi siamo Siamo tra le principali aziende italiane produttrici di filati, da sempre attente alla sostenibilit\u00e0 e all\u2019innovazione ed impegnate a promuovere il saper fare italiano nel mondo https:\/\/www.tollegno1900.it\/wp-content\/uploads\/2022\/11\/il_filo_rosso_-_tollegno1900-720p.mp4 Siamo nati nel 1900 e in oltre 100 anni di storia abbiamo dato vita ad un progetto che ha scelto la [&hellip;]\" \/>\n<meta property=\"og:url\" content=\"https:\/\/www.tollegno1900.it\/it\/chi-siamo\/\" \/>\n<meta property=\"og:site_name\" content=\"Tollegno 1900\" \/>\n<meta property=\"article:modified_time\" content=\"2022-11-17T09:05:17+00:00\" \/>\n<meta property=\"og:image\" content=\"https:\/\/www.tollegno1900.it\/wp-content\/uploads\/2021\/03\/chi-siamo2.jpg\" \/>\n<meta name=\"twitter:card\" content=\"summary_large_image\" \/>\n<meta name=\"twitter:label1\" content=\"Tempo di lettura stimato\" \/>\n\t<meta name=\"twitter:data1\" content=\"3 minuti\" \/>\n<script type=\"application\/ld+json\" class=\"yoast-schema-graph\">{\"@context\":\"https:\/\/schema.org\",\"@graph\":[{\"@type\":\"WebPage\",\"@id\":\"https:\/\/www.tollegno1900.it\/it\/chi-siamo\/\",\"url\":\"https:\/\/www.tollegno1900.it\/it\/chi-siamo\/\",\"name\":\"Chi siamo - Tollegno 1900\",\"isPartOf\":{\"@id\":\"https:\/\/www.tollegno1900.it\/it\/#website\"},\"primaryImageOfPage\":{\"@id\":\"https:\/\/www.tollegno1900.it\/it\/chi-siamo\/#primaryimage\"},\"image\":{\"@id\":\"https:\/\/www.tollegno1900.it\/it\/chi-siamo\/#primaryimage\"},\"thumbnailUrl\":\"https:\/\/www.tollegno1900.it\/wp-content\/uploads\/2021\/03\/chi-siamo2.jpg\",\"datePublished\":\"2021-03-16T18:05:53+00:00\",\"dateModified\":\"2022-11-17T09:05:17+00:00\",\"breadcrumb\":{\"@id\":\"https:\/\/www.tollegno1900.it\/it\/chi-siamo\/#breadcrumb\"},\"inLanguage\":\"it-IT\",\"potentialAction\":[{\"@type\":\"ReadAction\",\"target\":[\"https:\/\/www.tollegno1900.it\/it\/chi-siamo\/\"]}]},{\"@type\":\"ImageObject\",\"inLanguage\":\"it-IT\",\"@id\":\"https:\/\/www.tollegno1900.it\/it\/chi-siamo\/#primaryimage\",\"url\":\"https:\/\/www.tollegno1900.it\/wp-content\/uploads\/2021\/03\/chi-siamo2.jpg\",\"contentUrl\":\"https:\/\/www.tollegno1900.it\/wp-content\/uploads\/2021\/03\/chi-siamo2.jpg\"},{\"@type\":\"BreadcrumbList\",\"@id\":\"https:\/\/www.tollegno1900.it\/it\/chi-siamo\/#breadcrumb\",\"itemListElement\":[{\"@type\":\"ListItem\",\"position\":1,\"name\":\"Home\",\"item\":\"https:\/\/www.tollegno1900.it\/it\/\"},{\"@type\":\"ListItem\",\"position\":2,\"name\":\"Chi siamo\"}]},{\"@type\":\"WebSite\",\"@id\":\"https:\/\/www.tollegno1900.it\/it\/#website\",\"url\":\"https:\/\/www.tollegno1900.it\/it\/\",\"name\":\"Tollegno 1900\",\"description\":\"Tessitura e Filatura\",\"potentialAction\":[{\"@type\":\"SearchAction\",\"target\":{\"@type\":\"EntryPoint\",\"urlTemplate\":\"https:\/\/www.tollegno1900.it\/it\/?s={search_term_string}\"},\"query-input\":{\"@type\":\"PropertyValueSpecification\",\"valueRequired\":true,\"valueName\":\"search_term_string\"}}],\"inLanguage\":\"it-IT\"}]}<\/script>\n<!-- \/ Yoast SEO plugin. -->","yoast_head_json":{"title":"Chi siamo - Tollegno 1900","robots":{"index":"index","follow":"follow","max-snippet":"max-snippet:-1","max-image-preview":"max-image-preview:large","max-video-preview":"max-video-preview:-1"},"canonical":"https:\/\/www.tollegno1900.it\/it\/chi-siamo\/","og_locale":"it_IT","og_type":"article","og_title":"Chi siamo - Tollegno 1900","og_description":"E\u2019 la lana a raccontare chi siamo Siamo tra le principali aziende italiane produttrici di filati, da sempre attente alla sostenibilit\u00e0 e all\u2019innovazione ed impegnate a promuovere il saper fare italiano nel mondo https:\/\/www.tollegno1900.it\/wp-content\/uploads\/2022\/11\/il_filo_rosso_-_tollegno1900-720p.mp4 Siamo nati nel 1900 e in oltre 100 anni di storia abbiamo dato vita ad un progetto che ha scelto la [&hellip;]","og_url":"https:\/\/www.tollegno1900.it\/it\/chi-siamo\/","og_site_name":"Tollegno 1900","article_modified_time":"2022-11-17T09:05:17+00:00","og_image":[{"url":"https:\/\/www.tollegno1900.it\/wp-content\/uploads\/2021\/03\/chi-siamo2.jpg","type":"","width":"","height":""}],"twitter_card":"summary_large_image","twitter_misc":{"Tempo di lettura stimato":"3 minuti"},"schema":{"@context":"https:\/\/schema.org","@graph":[{"@type":"WebPage","@id":"https:\/\/www.tollegno1900.it\/it\/chi-siamo\/","url":"https:\/\/www.tollegno1900.it\/it\/chi-siamo\/","name":"Chi siamo - Tollegno 1900","isPartOf":{"@id":"https:\/\/www.tollegno1900.it\/it\/#website"},"primaryImageOfPage":{"@id":"https:\/\/www.tollegno1900.it\/it\/chi-siamo\/#primaryimage"},"image":{"@id":"https:\/\/www.tollegno1900.it\/it\/chi-siamo\/#primaryimage"},"thumbnailUrl":"https:\/\/www.tollegno1900.it\/wp-content\/uploads\/2021\/03\/chi-siamo2.jpg","datePublished":"2021-03-16T18:05:53+00:00","dateModified":"2022-11-17T09:05:17+00:00","breadcrumb":{"@id":"https:\/\/www.tollegno1900.it\/it\/chi-siamo\/#breadcrumb"},"inLanguage":"it-IT","potentialAction":[{"@type":"ReadAction","target":["https:\/\/www.tollegno1900.it\/it\/chi-siamo\/"]}]},{"@type":"ImageObject","inLanguage":"it-IT","@id":"https:\/\/www.tollegno1900.it\/it\/chi-siamo\/#primaryimage","url":"https:\/\/www.tollegno1900.it\/wp-content\/uploads\/2021\/03\/chi-siamo2.jpg","contentUrl":"https:\/\/www.tollegno1900.it\/wp-content\/uploads\/2021\/03\/chi-siamo2.jpg"},{"@type":"BreadcrumbList","@id":"https:\/\/www.tollegno1900.it\/it\/chi-siamo\/#breadcrumb","itemListElement":[{"@type":"ListItem","position":1,"name":"Home","item":"https:\/\/www.tollegno1900.it\/it\/"},{"@type":"ListItem","position":2,"name":"Chi siamo"}]},{"@type":"WebSite","@id":"https:\/\/www.tollegno1900.it\/it\/#website","url":"https:\/\/www.tollegno1900.it\/it\/","name":"Tollegno 1900","description":"Tessitura e Filatura","potentialAction":[{"@type":"SearchAction","target":{"@type":"EntryPoint","urlTemplate":"https:\/\/www.tollegno1900.it\/it\/?s={search_term_string}"},"query-input":{"@type":"PropertyValueSpecification","valueRequired":true,"valueName":"search_term_string"}}],"inLanguage":"it-IT"}]}},"_links":{"self":[{"href":"https:\/\/www.tollegno1900.it\/it\/wp-json\/wp\/v2\/pages\/37","targetHints":{"allow":["GET"]}}],"collection":[{"href":"https:\/\/www.tollegno1900.it\/it\/wp-json\/wp\/v2\/pages"}],"about":[{"href":"https:\/\/www.tollegno1900.it\/it\/wp-json\/wp\/v2\/types\/page"}],"author":[{"embeddable":true,"href":"https:\/\/www.tollegno1900.it\/it\/wp-json\/wp\/v2\/users\/2"}],"replies":[{"embeddable":true,"href":"https:\/\/www.tollegno1900.it\/it\/wp-json\/wp\/v2\/comments?post=37"}],"version-history":[{"count":172,"href":"https:\/\/www.tollegno1900.it\/it\/wp-json\/wp\/v2\/pages\/37\/revisions"}],"predecessor-version":[{"id":7076,"href":"https:\/\/www.tollegno1900.it\/it\/wp-json\/wp\/v2\/pages\/37\/revisions\/7076"}],"wp:attachment":[{"href":"https:\/\/www.tollegno1900.it\/it\/wp-json\/wp\/v2\/media?parent=37"}],"curies":[{"name":"wp","href":"https:\/\/api.w.org\/{rel}","templated":true}]}}