{"id":41,"date":"2021-03-16T19:07:22","date_gmt":"2021-03-16T18:07:22","guid":{"rendered":"https:\/\/www.tollegno1900.it\/nuovosito\/?page_id=41"},"modified":"2022-11-17T09:53:56","modified_gmt":"2022-11-17T08:53:56","slug":"innovazione","status":"publish","type":"page","link":"https:\/\/www.tollegno1900.it\/it\/innovazione\/","title":{"rendered":"Innovazione"},"content":{"rendered":"\t\t<div data-elementor-type=\"wp-page\" data-elementor-id=\"41\" class=\"elementor elementor-41\" data-elementor-post-type=\"page\">\n\t\t\t\t\t\t<section class=\"elementor-section elementor-top-section elementor-element elementor-element-0aa9c9b elementor-section-full_width elementor-section-height-min-height elementor-section-height-default elementor-section-items-middle\" data-id=\"0aa9c9b\" data-element_type=\"section\" data-settings=\"{&quot;background_background&quot;:&quot;classic&quot;}\">\n\t\t\t\t\t\t<div class=\"elementor-container elementor-column-gap-default\">\n\t\t\t\t\t<div class=\"elementor-column elementor-col-100 elementor-top-column elementor-element elementor-element-034a721\" data-id=\"034a721\" data-element_type=\"column\">\n\t\t\t<div class=\"elementor-widget-wrap\">\n\t\t\t\t\t\t\t<\/div>\n\t\t<\/div>\n\t\t\t\t\t<\/div>\n\t\t<\/section>\n\t\t\t\t<section class=\"elementor-section elementor-top-section elementor-element elementor-element-9c90860 elementor-section-boxed elementor-section-height-default elementor-section-height-default\" data-id=\"9c90860\" data-element_type=\"section\">\n\t\t\t\t\t\t<div class=\"elementor-container elementor-column-gap-default\">\n\t\t\t\t\t<div class=\"elementor-column elementor-col-100 elementor-top-column elementor-element elementor-element-88e6819\" data-id=\"88e6819\" data-element_type=\"column\">\n\t\t\t<div class=\"elementor-widget-wrap elementor-element-populated\">\n\t\t\t\t\t\t<div class=\"elementor-element elementor-element-cd37dbb elementor-widget elementor-widget-heading\" data-id=\"cd37dbb\" data-element_type=\"widget\" data-widget_type=\"heading.default\">\n\t\t\t\t<div class=\"elementor-widget-container\">\n\t\t\t\t\t<h1 class=\"elementor-heading-title elementor-size-default\">Automazione e ricerca tecnologica <br>sono tra i nostri capisaldi<\/h1>\t\t\t\t<\/div>\n\t\t\t\t<\/div>\n\t\t\t\t<div class=\"elementor-element elementor-element-c127330 elementor-widget elementor-widget-heading\" data-id=\"c127330\" data-element_type=\"widget\" data-widget_type=\"heading.default\">\n\t\t\t\t<div class=\"elementor-widget-container\">\n\t\t\t\t\t<h2 class=\"elementor-heading-title elementor-size-default\">Costruiamo il nostro futuro investendo in tecnologia e innovazione, certi che il cambiamento nasca dall\u2019armonia tra nuove idee e pratiche tecnicamente avanzate<\/h2>\t\t\t\t<\/div>\n\t\t\t\t<\/div>\n\t\t\t\t\t<\/div>\n\t\t<\/div>\n\t\t\t\t\t<\/div>\n\t\t<\/section>\n\t\t\t\t<section class=\"elementor-section elementor-top-section elementor-element elementor-element-21553aa elementor-section-full_width elementor-section-content-middle elementor-section-height-default elementor-section-height-default\" data-id=\"21553aa\" data-element_type=\"section\">\n\t\t\t\t\t\t<div class=\"elementor-container elementor-column-gap-no\">\n\t\t\t\t\t<div class=\"elementor-column elementor-col-100 elementor-top-column elementor-element elementor-element-fb1e858\" data-id=\"fb1e858\" data-element_type=\"column\">\n\t\t\t<div class=\"elementor-widget-wrap elementor-element-populated\">\n\t\t\t\t\t\t<section class=\"elementor-section elementor-inner-section elementor-element elementor-element-e5ad0a7 elementor-section-content-middle elementor-section-boxed elementor-section-height-default elementor-section-height-default\" data-id=\"e5ad0a7\" data-element_type=\"section\">\n\t\t\t\t\t\t<div class=\"elementor-container elementor-column-gap-default\">\n\t\t\t\t\t<div class=\"elementor-column elementor-col-50 elementor-inner-column elementor-element elementor-element-60b8e0f\" data-id=\"60b8e0f\" data-element_type=\"column\">\n\t\t\t<div class=\"elementor-widget-wrap elementor-element-populated\">\n\t\t\t\t\t\t<div class=\"elementor-element elementor-element-b4b3886 elementor-widget elementor-widget-image\" data-id=\"b4b3886\" data-element_type=\"widget\" data-widget_type=\"image.default\">\n\t\t\t\t<div class=\"elementor-widget-container\">\n\t\t\t\t\t\t\t\t\t\t\t\t\t\t\t<img fetchpriority=\"high\" decoding=\"async\" width=\"1000\" height=\"1261\" src=\"https:\/\/www.tollegno1900.it\/wp-content\/uploads\/2022\/11\/INNOVAZIONE.jpg\" class=\"attachment-full size-full wp-image-7063\" alt=\"\" srcset=\"https:\/\/www.tollegno1900.it\/wp-content\/uploads\/2022\/11\/INNOVAZIONE.jpg 1000w, https:\/\/www.tollegno1900.it\/wp-content\/uploads\/2022\/11\/INNOVAZIONE-238x300.jpg 238w, https:\/\/www.tollegno1900.it\/wp-content\/uploads\/2022\/11\/INNOVAZIONE-812x1024.jpg 812w, https:\/\/www.tollegno1900.it\/wp-content\/uploads\/2022\/11\/INNOVAZIONE-768x968.jpg 768w\" sizes=\"(max-width: 1000px) 100vw, 1000px\" \/>\t\t\t\t\t\t\t\t\t\t\t\t\t\t\t<\/div>\n\t\t\t\t<\/div>\n\t\t\t\t\t<\/div>\n\t\t<\/div>\n\t\t\t\t<div class=\"elementor-column elementor-col-50 elementor-inner-column elementor-element elementor-element-ff4e1e5\" data-id=\"ff4e1e5\" data-element_type=\"column\">\n\t\t\t<div class=\"elementor-widget-wrap elementor-element-populated\">\n\t\t\t\t\t\t<div class=\"elementor-element elementor-element-84fbb19 elementor-widget elementor-widget-text-editor\" data-id=\"84fbb19\" data-element_type=\"widget\" data-widget_type=\"text-editor.default\">\n\t\t\t\t<div class=\"elementor-widget-container\">\n\t\t\t\t\t\t\t\t\t<p>Forti di un solida struttura organizzativa e di un processo produttivo all\u2019avanguardia, investiamo circa il 7% del nostro fatturato consolidato in azioni di modernizzazione. Ricerca, digitalizzazione, automatizzazione sono parte di un processo di costante evoluzione che ci porta a migliorare la qualit\u00e0 del nostro prodotto e l\u2019efficacia del nostro servizio.<\/p><p>Il magazzino filati totalmente computerizzato \u00e8 solo uno dei tasselli di un progetto di ampio respiro teso a fare della nostra azienda un brand ecosostenibile, un marchio fortemente moderno per metodiche di produzione e lavorazione, un partner visionario nelle progettualit\u00e0 ma concreto nell\u2019operativit\u00e0.<\/p><p>Un obiettivo ambizioso che affidiamo al nostro Laboratorio interno, in cui costantemente lavoriamo per trovare nuovi filati capaci di abbinare <a href=\"https:\/\/www.tollegno1900.it\/it\/sostenibilita-e-tracciabilita\/\">sostenibilit\u00e0<\/a>, performance e comfort, e alla nostra divisione digital-tech.<\/p><p>Loro il compito di sviluppare soluzioni che, sfruttando i plus della tecnologia, ottimizzino il nostro agire e riducano l\u2019impatto sull\u2019ambiente senza scendere a compromessi con il valore dei prodotti e delle nostre prestazioni.<\/p>\t\t\t\t\t\t\t\t<\/div>\n\t\t\t\t<\/div>\n\t\t\t\t\t<\/div>\n\t\t<\/div>\n\t\t\t\t\t<\/div>\n\t\t<\/section>\n\t\t\t\t\t<\/div>\n\t\t<\/div>\n\t\t\t\t\t<\/div>\n\t\t<\/section>\n\t\t\t\t<section class=\"elementor-section elementor-top-section elementor-element elementor-element-d4c0a40 elementor-section-height-min-height elementor-section-boxed elementor-section-height-default elementor-section-items-middle\" data-id=\"d4c0a40\" data-element_type=\"section\" data-settings=\"{&quot;background_background&quot;:&quot;classic&quot;}\">\n\t\t\t\t\t\t<div class=\"elementor-container elementor-column-gap-default\">\n\t\t\t\t\t<div class=\"elementor-column elementor-col-100 elementor-top-column elementor-element elementor-element-cf25a89\" data-id=\"cf25a89\" data-element_type=\"column\">\n\t\t\t<div class=\"elementor-widget-wrap\">\n\t\t\t\t\t\t\t<\/div>\n\t\t<\/div>\n\t\t\t\t\t<\/div>\n\t\t<\/section>\n\t\t\t\t<section class=\"elementor-section elementor-top-section elementor-element elementor-element-f460341 elementor-section-full_width elementor-section-height-default elementor-section-height-default\" data-id=\"f460341\" data-element_type=\"section\">\n\t\t\t\t\t\t<div class=\"elementor-container elementor-column-gap-no\">\n\t\t\t\t\t<div class=\"elementor-column elementor-col-100 elementor-top-column elementor-element elementor-element-ce20f1c\" data-id=\"ce20f1c\" data-element_type=\"column\">\n\t\t\t<div class=\"elementor-widget-wrap elementor-element-populated\">\n\t\t\t\t\t\t<section class=\"elementor-section elementor-inner-section elementor-element elementor-element-3c52960 elementor-section-boxed elementor-section-height-default elementor-section-height-default\" data-id=\"3c52960\" data-element_type=\"section\">\n\t\t\t\t\t\t<div class=\"elementor-container elementor-column-gap-default\">\n\t\t\t\t\t<div class=\"elementor-column elementor-col-100 elementor-inner-column elementor-element elementor-element-8d43eef\" data-id=\"8d43eef\" data-element_type=\"column\">\n\t\t\t<div class=\"elementor-widget-wrap elementor-element-populated\">\n\t\t\t\t\t\t<div class=\"elementor-element elementor-element-23dcf52 elementor-widget elementor-widget-image\" data-id=\"23dcf52\" data-element_type=\"widget\" data-widget_type=\"image.default\">\n\t\t\t\t<div class=\"elementor-widget-container\">\n\t\t\t\t\t\t\t\t\t\t\t\t\t\t\t<img decoding=\"async\" width=\"1935\" height=\"882\" src=\"https:\/\/www.tollegno1900.it\/wp-content\/uploads\/2021\/04\/tlab1.jpg\" class=\"attachment-full size-full wp-image-2094\" alt=\"\" srcset=\"https:\/\/www.tollegno1900.it\/wp-content\/uploads\/2021\/04\/tlab1.jpg 1935w, https:\/\/www.tollegno1900.it\/wp-content\/uploads\/2021\/04\/tlab1-300x137.jpg 300w, https:\/\/www.tollegno1900.it\/wp-content\/uploads\/2021\/04\/tlab1-1024x467.jpg 1024w, https:\/\/www.tollegno1900.it\/wp-content\/uploads\/2021\/04\/tlab1-768x350.jpg 768w, https:\/\/www.tollegno1900.it\/wp-content\/uploads\/2021\/04\/tlab1-1536x700.jpg 1536w\" sizes=\"(max-width: 1935px) 100vw, 1935px\" \/>\t\t\t\t\t\t\t\t\t\t\t\t\t\t\t<\/div>\n\t\t\t\t<\/div>\n\t\t\t\t<div class=\"elementor-element elementor-element-47a2bff elementor-widget elementor-widget-text-editor\" data-id=\"47a2bff\" data-element_type=\"widget\" data-widget_type=\"text-editor.default\">\n\t\t\t\t<div class=\"elementor-widget-container\">\n\t\t\t\t\t\t\t\t\t<p>Essere innovativi per noi di Tollegno 1900 \u00e8 per\u00f2 molto di pi\u00f9: \u00e8 trovare nuovi approcci per valorizzare il nostro settore, individuare format moderni per darvi nuova spinta, testare soluzioni che portino linfa a tutto il comparto.<\/p><p>Ma significa anche precorrere i tempi, essere pionieri e non temere di aprire nuove strade che possono integrare il nostro percorso di crescita.<\/p><p>Il nostro TLAB \u00e8 tutto questo: un polo creativo frutto della razionalizzazione degli spazi interni e dei percorsi di lavorazione, un luogo confortevole per accogliere clienti e visitatori, un concept dedicato all\u2019esposizione delle collezioni, ma anche un ambiente dove progettare e confrontarsi attraverso workshop, incontri e meeting tematici.<\/p>\t\t\t\t\t\t\t\t<\/div>\n\t\t\t\t<\/div>\n\t\t\t\t\t<\/div>\n\t\t<\/div>\n\t\t\t\t\t<\/div>\n\t\t<\/section>\n\t\t\t\t\t<\/div>\n\t\t<\/div>\n\t\t\t\t\t<\/div>\n\t\t<\/section>\n\t\t\t\t<section class=\"elementor-section elementor-top-section elementor-element elementor-element-a63d7fd elementor-section-boxed elementor-section-height-default elementor-section-height-default\" data-id=\"a63d7fd\" data-element_type=\"section\">\n\t\t\t\t\t\t<div class=\"elementor-container elementor-column-gap-default\">\n\t\t\t\t\t<div class=\"elementor-column elementor-col-100 elementor-top-column elementor-element elementor-element-d5b4de7\" data-id=\"d5b4de7\" data-element_type=\"column\">\n\t\t\t<div class=\"elementor-widget-wrap elementor-element-populated\">\n\t\t\t\t\t\t<div class=\"elementor-element elementor-element-3da7189 elementor-widget elementor-widget-heading\" data-id=\"3da7189\" data-element_type=\"widget\" data-widget_type=\"heading.default\">\n\t\t\t\t<div class=\"elementor-widget-container\">\n\t\t\t\t\t<div class=\"elementor-heading-title elementor-size-default\">Ricerca, digitalizzazione, \u00a0automatizzazione sono parte di un processo di costante evoluzione che ci porta a migliorare la qualit\u00e0 dei nostri filati e l\u2019efficacia del nostro servizio. Perch\u00e9 innovazione, tecnologia e sostenibilit\u00e0 possono essere le facce della stessa medaglia<\/div>\t\t\t\t<\/div>\n\t\t\t\t<\/div>\n\t\t\t\t\t<\/div>\n\t\t<\/div>\n\t\t\t\t\t<\/div>\n\t\t<\/section>\n\t\t\t\t<section class=\"elementor-section elementor-top-section elementor-element elementor-element-d46aa62 elementor-section-full_width elementor-section-height-default elementor-section-height-default\" data-id=\"d46aa62\" data-element_type=\"section\" data-settings=\"{&quot;background_background&quot;:&quot;classic&quot;}\">\n\t\t\t\t\t\t<div class=\"elementor-container elementor-column-gap-default\">\n\t\t\t\t\t<div class=\"elementor-column elementor-col-100 elementor-top-column elementor-element elementor-element-dbbed1e\" data-id=\"dbbed1e\" data-element_type=\"column\">\n\t\t\t<div class=\"elementor-widget-wrap elementor-element-populated\">\n\t\t\t\t\t\t<div class=\"elementor-element elementor-element-cc5a138 elementor-widget-divider--view-line elementor-widget elementor-widget-divider\" data-id=\"cc5a138\" data-element_type=\"widget\" data-widget_type=\"divider.default\">\n\t\t\t\t<div class=\"elementor-widget-container\">\n\t\t\t\t\t\t\t<div class=\"elementor-divider\">\n\t\t\t<span class=\"elementor-divider-separator\">\n\t\t\t\t\t\t<\/span>\n\t\t<\/div>\n\t\t\t\t\t\t<\/div>\n\t\t\t\t<\/div>\n\t\t\t\t\t<\/div>\n\t\t<\/div>\n\t\t\t\t\t<\/div>\n\t\t<\/section>\n\t\t\t\t<\/div>\n\t\t","protected":false},"excerpt":{"rendered":"<p>Automazione e ricerca tecnologica sono tra i nostri capisaldi Costruiamo il nostro futuro investendo in tecnologia e innovazione, certi che il cambiamento nasca dall\u2019armonia tra nuove idee e pratiche tecnicamente avanzate Forti di un solida struttura organizzativa e di un processo produttivo all\u2019avanguardia, investiamo circa il 7% del nostro fatturato consolidato in azioni di modernizzazione. [&hellip;]<\/p>\n","protected":false},"author":2,"featured_media":0,"parent":0,"menu_order":0,"comment_status":"closed","ping_status":"closed","template":"","meta":{"_acf_changed":false,"footnotes":""},"class_list":["post-41","page","type-page","status-publish","hentry"],"acf":[],"yoast_head":"<!-- This site is optimized with the Yoast SEO plugin v27.2 - https:\/\/yoast.com\/product\/yoast-seo-wordpress\/ -->\n<title>Innovazione - Tollegno 1900<\/title>\n<meta name=\"robots\" content=\"index, follow, max-snippet:-1, max-image-preview:large, max-video-preview:-1\" \/>\n<link rel=\"canonical\" href=\"https:\/\/www.tollegno1900.it\/it\/innovazione\/\" \/>\n<meta property=\"og:locale\" content=\"it_IT\" \/>\n<meta property=\"og:type\" content=\"article\" \/>\n<meta property=\"og:title\" content=\"Innovazione - Tollegno 1900\" \/>\n<meta property=\"og:description\" content=\"Automazione e ricerca tecnologica sono tra i nostri capisaldi Costruiamo il nostro futuro investendo in tecnologia e innovazione, certi che il cambiamento nasca dall\u2019armonia tra nuove idee e pratiche tecnicamente avanzate Forti di un solida struttura organizzativa e di un processo produttivo all\u2019avanguardia, investiamo circa il 7% del nostro fatturato consolidato in azioni di modernizzazione. [&hellip;]\" \/>\n<meta property=\"og:url\" content=\"https:\/\/www.tollegno1900.it\/it\/innovazione\/\" \/>\n<meta property=\"og:site_name\" content=\"Tollegno 1900\" \/>\n<meta property=\"article:modified_time\" content=\"2022-11-17T08:53:56+00:00\" \/>\n<meta property=\"og:image\" content=\"https:\/\/www.tollegno1900.it\/wp-content\/uploads\/2022\/11\/INNOVAZIONE.jpg\" \/>\n<meta name=\"twitter:card\" content=\"summary_large_image\" \/>\n<meta name=\"twitter:label1\" content=\"Tempo di lettura stimato\" \/>\n\t<meta name=\"twitter:data1\" content=\"3 minuti\" \/>\n<script type=\"application\/ld+json\" class=\"yoast-schema-graph\">{\"@context\":\"https:\/\/schema.org\",\"@graph\":[{\"@type\":\"WebPage\",\"@id\":\"https:\/\/www.tollegno1900.it\/it\/innovazione\/\",\"url\":\"https:\/\/www.tollegno1900.it\/it\/innovazione\/\",\"name\":\"Innovazione - Tollegno 1900\",\"isPartOf\":{\"@id\":\"https:\/\/www.tollegno1900.it\/it\/#website\"},\"primaryImageOfPage\":{\"@id\":\"https:\/\/www.tollegno1900.it\/it\/innovazione\/#primaryimage\"},\"image\":{\"@id\":\"https:\/\/www.tollegno1900.it\/it\/innovazione\/#primaryimage\"},\"thumbnailUrl\":\"https:\/\/www.tollegno1900.it\/wp-content\/uploads\/2022\/11\/INNOVAZIONE.jpg\",\"datePublished\":\"2021-03-16T18:07:22+00:00\",\"dateModified\":\"2022-11-17T08:53:56+00:00\",\"breadcrumb\":{\"@id\":\"https:\/\/www.tollegno1900.it\/it\/innovazione\/#breadcrumb\"},\"inLanguage\":\"it-IT\",\"potentialAction\":[{\"@type\":\"ReadAction\",\"target\":[\"https:\/\/www.tollegno1900.it\/it\/innovazione\/\"]}]},{\"@type\":\"ImageObject\",\"inLanguage\":\"it-IT\",\"@id\":\"https:\/\/www.tollegno1900.it\/it\/innovazione\/#primaryimage\",\"url\":\"https:\/\/www.tollegno1900.it\/wp-content\/uploads\/2022\/11\/INNOVAZIONE.jpg\",\"contentUrl\":\"https:\/\/www.tollegno1900.it\/wp-content\/uploads\/2022\/11\/INNOVAZIONE.jpg\"},{\"@type\":\"BreadcrumbList\",\"@id\":\"https:\/\/www.tollegno1900.it\/it\/innovazione\/#breadcrumb\",\"itemListElement\":[{\"@type\":\"ListItem\",\"position\":1,\"name\":\"Home\",\"item\":\"https:\/\/www.tollegno1900.it\/it\/\"},{\"@type\":\"ListItem\",\"position\":2,\"name\":\"Innovazione\"}]},{\"@type\":\"WebSite\",\"@id\":\"https:\/\/www.tollegno1900.it\/it\/#website\",\"url\":\"https:\/\/www.tollegno1900.it\/it\/\",\"name\":\"Tollegno 1900\",\"description\":\"Tessitura e Filatura\",\"potentialAction\":[{\"@type\":\"SearchAction\",\"target\":{\"@type\":\"EntryPoint\",\"urlTemplate\":\"https:\/\/www.tollegno1900.it\/it\/?s={search_term_string}\"},\"query-input\":{\"@type\":\"PropertyValueSpecification\",\"valueRequired\":true,\"valueName\":\"search_term_string\"}}],\"inLanguage\":\"it-IT\"}]}<\/script>\n<!-- \/ Yoast SEO plugin. -->","yoast_head_json":{"title":"Innovazione - Tollegno 1900","robots":{"index":"index","follow":"follow","max-snippet":"max-snippet:-1","max-image-preview":"max-image-preview:large","max-video-preview":"max-video-preview:-1"},"canonical":"https:\/\/www.tollegno1900.it\/it\/innovazione\/","og_locale":"it_IT","og_type":"article","og_title":"Innovazione - Tollegno 1900","og_description":"Automazione e ricerca tecnologica sono tra i nostri capisaldi Costruiamo il nostro futuro investendo in tecnologia e innovazione, certi che il cambiamento nasca dall\u2019armonia tra nuove idee e pratiche tecnicamente avanzate Forti di un solida struttura organizzativa e di un processo produttivo all\u2019avanguardia, investiamo circa il 7% del nostro fatturato consolidato in azioni di modernizzazione. [&hellip;]","og_url":"https:\/\/www.tollegno1900.it\/it\/innovazione\/","og_site_name":"Tollegno 1900","article_modified_time":"2022-11-17T08:53:56+00:00","og_image":[{"url":"https:\/\/www.tollegno1900.it\/wp-content\/uploads\/2022\/11\/INNOVAZIONE.jpg","type":"","width":"","height":""}],"twitter_card":"summary_large_image","twitter_misc":{"Tempo di lettura stimato":"3 minuti"},"schema":{"@context":"https:\/\/schema.org","@graph":[{"@type":"WebPage","@id":"https:\/\/www.tollegno1900.it\/it\/innovazione\/","url":"https:\/\/www.tollegno1900.it\/it\/innovazione\/","name":"Innovazione - Tollegno 1900","isPartOf":{"@id":"https:\/\/www.tollegno1900.it\/it\/#website"},"primaryImageOfPage":{"@id":"https:\/\/www.tollegno1900.it\/it\/innovazione\/#primaryimage"},"image":{"@id":"https:\/\/www.tollegno1900.it\/it\/innovazione\/#primaryimage"},"thumbnailUrl":"https:\/\/www.tollegno1900.it\/wp-content\/uploads\/2022\/11\/INNOVAZIONE.jpg","datePublished":"2021-03-16T18:07:22+00:00","dateModified":"2022-11-17T08:53:56+00:00","breadcrumb":{"@id":"https:\/\/www.tollegno1900.it\/it\/innovazione\/#breadcrumb"},"inLanguage":"it-IT","potentialAction":[{"@type":"ReadAction","target":["https:\/\/www.tollegno1900.it\/it\/innovazione\/"]}]},{"@type":"ImageObject","inLanguage":"it-IT","@id":"https:\/\/www.tollegno1900.it\/it\/innovazione\/#primaryimage","url":"https:\/\/www.tollegno1900.it\/wp-content\/uploads\/2022\/11\/INNOVAZIONE.jpg","contentUrl":"https:\/\/www.tollegno1900.it\/wp-content\/uploads\/2022\/11\/INNOVAZIONE.jpg"},{"@type":"BreadcrumbList","@id":"https:\/\/www.tollegno1900.it\/it\/innovazione\/#breadcrumb","itemListElement":[{"@type":"ListItem","position":1,"name":"Home","item":"https:\/\/www.tollegno1900.it\/it\/"},{"@type":"ListItem","position":2,"name":"Innovazione"}]},{"@type":"WebSite","@id":"https:\/\/www.tollegno1900.it\/it\/#website","url":"https:\/\/www.tollegno1900.it\/it\/","name":"Tollegno 1900","description":"Tessitura e Filatura","potentialAction":[{"@type":"SearchAction","target":{"@type":"EntryPoint","urlTemplate":"https:\/\/www.tollegno1900.it\/it\/?s={search_term_string}"},"query-input":{"@type":"PropertyValueSpecification","valueRequired":true,"valueName":"search_term_string"}}],"inLanguage":"it-IT"}]}},"_links":{"self":[{"href":"https:\/\/www.tollegno1900.it\/it\/wp-json\/wp\/v2\/pages\/41","targetHints":{"allow":["GET"]}}],"collection":[{"href":"https:\/\/www.tollegno1900.it\/it\/wp-json\/wp\/v2\/pages"}],"about":[{"href":"https:\/\/www.tollegno1900.it\/it\/wp-json\/wp\/v2\/types\/page"}],"author":[{"embeddable":true,"href":"https:\/\/www.tollegno1900.it\/it\/wp-json\/wp\/v2\/users\/2"}],"replies":[{"embeddable":true,"href":"https:\/\/www.tollegno1900.it\/it\/wp-json\/wp\/v2\/comments?post=41"}],"version-history":[{"count":49,"href":"https:\/\/www.tollegno1900.it\/it\/wp-json\/wp\/v2\/pages\/41\/revisions"}],"predecessor-version":[{"id":7067,"href":"https:\/\/www.tollegno1900.it\/it\/wp-json\/wp\/v2\/pages\/41\/revisions\/7067"}],"wp:attachment":[{"href":"https:\/\/www.tollegno1900.it\/it\/wp-json\/wp\/v2\/media?parent=41"}],"curies":[{"name":"wp","href":"https:\/\/api.w.org\/{rel}","templated":true}]}}