{"id":7093,"date":"2022-11-11T16:49:17","date_gmt":"2022-11-11T15:49:17","guid":{"rendered":"https:\/\/www.tollegno1900.it\/filatura-tollegno-1900-2\/"},"modified":"2025-11-13T13:19:06","modified_gmt":"2025-11-13T12:19:06","slug":"filatura-tollegno-1900-2","status":"publish","type":"page","link":"https:\/\/www.tollegno1900.it\/it\/","title":{"rendered":"Filatura Tollegno 1900"},"content":{"rendered":"\t\t<div data-elementor-type=\"wp-page\" data-elementor-id=\"7093\" class=\"elementor elementor-7093 elementor-6922\" data-elementor-post-type=\"page\">\n\t\t\t\t\t\t<section class=\"elementor-section elementor-top-section elementor-element elementor-element-c3a7da4 elementor-section-full_width elementor-section-height-min-height elementor-section-items-top elementor-section-content-top elementor-section-height-default\" data-id=\"c3a7da4\" data-element_type=\"section\" id=\"hero-video\" data-settings=\"{&quot;background_background&quot;:&quot;video&quot;,&quot;background_play_on_mobile&quot;:&quot;yes&quot;,&quot;background_video_start&quot;:0,&quot;background_video_link&quot;:&quot;https:\\\/\\\/www.tollegno1900.it\\\/wp-content\\\/uploads\\\/2024\\\/07\\\/TOLLEGNO-1900-25FPS-DEF-.mp4&quot;}\">\n\t\t\t\t\t\t\t\t<div class=\"elementor-background-video-container\">\n\t\t\t\t\t\t\t\t\t\t\t\t\t<video class=\"elementor-background-video-hosted\" autoplay muted playsinline loop><\/video>\n\t\t\t\t\t\t\t\t\t\t\t<\/div>\n\t\t\t\t\t\t\t\t\t<div class=\"elementor-background-overlay\"><\/div>\n\t\t\t\t\t\t\t<div class=\"elementor-container elementor-column-gap-default\">\n\t\t\t\t\t<div class=\"elementor-column elementor-col-100 elementor-top-column elementor-element elementor-element-4332b4b\" data-id=\"4332b4b\" data-element_type=\"column\">\n\t\t\t<div class=\"elementor-widget-wrap elementor-element-populated\">\n\t\t\t\t\t\t<div class=\"elementor-element elementor-element-3ea868a elementor-widget__width-inherit elementor-widget elementor-widget-html\" data-id=\"3ea868a\" data-element_type=\"widget\" data-widget_type=\"html.default\">\n\t\t\t\t<div class=\"elementor-widget-container\">\n\t\t\t\t\t<!-- Pulsante mute\/unmute -->\r\n<button id=\"mute-toggle\">\ud83d\udd07<\/button>\r\n\r\n<style>\r\n  #hero-video { position: relative; }\r\n  #mute-toggle {\r\n    position: absolute;\r\n    bottom: 20px;\r\n    right: 20px;\r\n    z-index: 99;\r\n    background: rgba(0,0,0,0.6);\r\n    color: #fff;\r\n    border: none;\r\n    padding: 10px 15px;\r\n    border-radius: 50px;\r\n    cursor: pointer;\r\n    font-size: 18px;\r\n  }\r\n<\/style>\r\n\r\n<script>\r\ndocument.addEventListener(\"DOMContentLoaded\", function() {\r\n  const video = document.querySelector(\"#hero-video video\");\r\n  const button = document.getElementById(\"mute-toggle\");\r\n\r\n  if(video && button){\r\n    \/\/ Assicuriamoci che parta muto\r\n    video.muted = true;\r\n\r\n    button.addEventListener(\"click\", function() {\r\n      video.muted = !video.muted;\r\n      button.textContent = video.muted ? \"\ud83d\udd07\" : \"\ud83d\udd0a\";\r\n    });\r\n  }\r\n});\r\n<\/script>\r\n\t\t\t\t<\/div>\n\t\t\t\t<\/div>\n\t\t\t\t\t<\/div>\n\t\t<\/div>\n\t\t\t\t\t<\/div>\n\t\t<\/section>\n\t\t\t\t<section class=\"elementor-section elementor-top-section elementor-element elementor-element-e747d77 elementor-section-boxed elementor-section-height-default elementor-section-height-default\" data-id=\"e747d77\" data-element_type=\"section\">\n\t\t\t\t\t\t<div class=\"elementor-container elementor-column-gap-default\">\n\t\t\t\t\t<div class=\"elementor-column elementor-col-100 elementor-top-column elementor-element elementor-element-9afe9e9\" data-id=\"9afe9e9\" data-element_type=\"column\">\n\t\t\t<div class=\"elementor-widget-wrap elementor-element-populated\">\n\t\t\t\t\t\t<div class=\"elementor-element elementor-element-49c68fb elementor-widget elementor-widget-heading\" data-id=\"49c68fb\" data-element_type=\"widget\" data-widget_type=\"heading.default\">\n\t\t\t\t<div class=\"elementor-widget-container\">\n\t\t\t\t\t<h2 class=\"elementor-heading-title elementor-size-default\">Facciamo della Lana Merinos la nostra ambasciatrice nel mondo, della sostenibilit\u00e0 il fil rouge di ogni nostra scelta e dell\u2019innovazione tecnologica un faro nel definire il nostro sviluppo.  <br><br>Se la ricerca \u00e8 la nostra guida nel cercare soluzioni che permettano di migliorare i nostri filati e servizi, le persone, le loro capacit\u00e0 e il know-how maturato in oltre cento anni di storia, sono la nostra forza. <br><br>Sperimentare \u00e8 la nostra priorit\u00e0 ed aprirci a nuove progettualit\u00e0 uno stimolo a cui non rinunciamo, grazie anche alla collaborazione con partner internazionali che condividono la nostra visione. <\/h2>\t\t\t\t<\/div>\n\t\t\t\t<\/div>\n\t\t\t\t\t<\/div>\n\t\t<\/div>\n\t\t\t\t\t<\/div>\n\t\t<\/section>\n\t\t<div class=\"elementor-element elementor-element-6f8ff54 e-flex e-con-boxed e-con e-parent\" data-id=\"6f8ff54\" data-element_type=\"container\">\n\t\t\t\t\t<div class=\"e-con-inner\">\n\t\t\t\t<div class=\"elementor-element elementor-element-c6aa956 elementor-widget elementor-widget-html\" data-id=\"c6aa956\" data-element_type=\"widget\" data-widget_type=\"html.default\">\n\t\t\t\t<div class=\"elementor-widget-container\">\n\t\t\t\t\t<script>\ndocument.addEventListener('DOMContentLoaded', function() {\nvar toggleSoundButton = document.querySelector('.fa-volume-mute');\nvar heroBackgroundVideo = document.querySelector('.elementor-background-video-container video');\ntoggleSoundButton.addEventListener('click', function (event) {\n\nif (heroBackgroundVideo.muted !== false){\nheroBackgroundVideo.muted=false;\ntoggleSoundButton.classList.add('fa-volume-up');\ntoggleSoundButton.classList.remove('fa-volume-mute');\n} else {\nheroBackgroundVideo.muted=true;\ntoggleSoundButton.classList.remove('fa-volume-up');\ntoggleSoundButton.classList.add('fa-volume-mute');\n} }); });\n<\/script>\t\t\t\t<\/div>\n\t\t\t\t<\/div>\n\t\t\t\t\t<\/div>\n\t\t\t\t<\/div>\n\t\t\t\t<\/div>\n\t\t","protected":false},"excerpt":{"rendered":"<p>\ud83d\udd07 Facciamo della Lana Merinos la nostra ambasciatrice nel mondo, della sostenibilit\u00e0 il fil rouge di ogni nostra scelta e dell\u2019innovazione tecnologica un faro nel definire il nostro sviluppo. Se la ricerca \u00e8 la nostra guida nel cercare soluzioni che permettano di migliorare i nostri filati e servizi, le persone, le loro capacit\u00e0 e il [&hellip;]<\/p>\n","protected":false},"author":2,"featured_media":0,"parent":0,"menu_order":0,"comment_status":"closed","ping_status":"closed","template":"","meta":{"_acf_changed":false,"footnotes":""},"class_list":["post-7093","page","type-page","status-publish","hentry"],"acf":[],"yoast_head":"<!-- This site is optimized with the Yoast SEO plugin v27.2 - https:\/\/yoast.com\/product\/yoast-seo-wordpress\/ -->\n<title>Filatura Tollegno 1900 - Tollegno 1900<\/title>\n<meta name=\"robots\" content=\"index, follow, max-snippet:-1, max-image-preview:large, max-video-preview:-1\" \/>\n<link rel=\"canonical\" href=\"https:\/\/www.tollegno1900.it\/it\/\" \/>\n<meta property=\"og:locale\" content=\"it_IT\" \/>\n<meta property=\"og:type\" content=\"article\" \/>\n<meta property=\"og:title\" content=\"Filatura Tollegno 1900 - Tollegno 1900\" \/>\n<meta property=\"og:description\" content=\"\ud83d\udd07 Facciamo della Lana Merinos la nostra ambasciatrice nel mondo, della sostenibilit\u00e0 il fil rouge di ogni nostra scelta e dell\u2019innovazione tecnologica un faro nel definire il nostro sviluppo. Se la ricerca \u00e8 la nostra guida nel cercare soluzioni che permettano di migliorare i nostri filati e servizi, le persone, le loro capacit\u00e0 e il [&hellip;]\" \/>\n<meta property=\"og:url\" content=\"https:\/\/www.tollegno1900.it\/it\/\" \/>\n<meta property=\"og:site_name\" content=\"Tollegno 1900\" \/>\n<meta property=\"article:modified_time\" content=\"2025-11-13T12:19:06+00:00\" \/>\n<meta name=\"twitter:card\" content=\"summary_large_image\" \/>\n<meta name=\"twitter:label1\" content=\"Tempo di lettura stimato\" \/>\n\t<meta name=\"twitter:data1\" content=\"1 minuto\" \/>\n<script type=\"application\/ld+json\" class=\"yoast-schema-graph\">{\"@context\":\"https:\/\/schema.org\",\"@graph\":[{\"@type\":\"WebPage\",\"@id\":\"https:\/\/www.tollegno1900.it\/it\/\",\"url\":\"https:\/\/www.tollegno1900.it\/it\/\",\"name\":\"Filatura Tollegno 1900 - Tollegno 1900\",\"isPartOf\":{\"@id\":\"https:\/\/www.tollegno1900.it\/it\/#website\"},\"datePublished\":\"2022-11-11T15:49:17+00:00\",\"dateModified\":\"2025-11-13T12:19:06+00:00\",\"breadcrumb\":{\"@id\":\"https:\/\/www.tollegno1900.it\/it\/#breadcrumb\"},\"inLanguage\":\"it-IT\",\"potentialAction\":[{\"@type\":\"ReadAction\",\"target\":[\"https:\/\/www.tollegno1900.it\/it\/\"]}]},{\"@type\":\"BreadcrumbList\",\"@id\":\"https:\/\/www.tollegno1900.it\/it\/#breadcrumb\",\"itemListElement\":[{\"@type\":\"ListItem\",\"position\":1,\"name\":\"Home\",\"item\":\"https:\/\/www.tollegno1900.it\/it\/\"},{\"@type\":\"ListItem\",\"position\":2,\"name\":\"Filatura Tollegno 1900\"}]},{\"@type\":\"WebSite\",\"@id\":\"https:\/\/www.tollegno1900.it\/it\/#website\",\"url\":\"https:\/\/www.tollegno1900.it\/it\/\",\"name\":\"Tollegno 1900\",\"description\":\"Tessitura e Filatura\",\"potentialAction\":[{\"@type\":\"SearchAction\",\"target\":{\"@type\":\"EntryPoint\",\"urlTemplate\":\"https:\/\/www.tollegno1900.it\/it\/?s={search_term_string}\"},\"query-input\":{\"@type\":\"PropertyValueSpecification\",\"valueRequired\":true,\"valueName\":\"search_term_string\"}}],\"inLanguage\":\"it-IT\"}]}<\/script>\n<!-- \/ Yoast SEO plugin. -->","yoast_head_json":{"title":"Filatura Tollegno 1900 - Tollegno 1900","robots":{"index":"index","follow":"follow","max-snippet":"max-snippet:-1","max-image-preview":"max-image-preview:large","max-video-preview":"max-video-preview:-1"},"canonical":"https:\/\/www.tollegno1900.it\/it\/","og_locale":"it_IT","og_type":"article","og_title":"Filatura Tollegno 1900 - Tollegno 1900","og_description":"\ud83d\udd07 Facciamo della Lana Merinos la nostra ambasciatrice nel mondo, della sostenibilit\u00e0 il fil rouge di ogni nostra scelta e dell\u2019innovazione tecnologica un faro nel definire il nostro sviluppo. Se la ricerca \u00e8 la nostra guida nel cercare soluzioni che permettano di migliorare i nostri filati e servizi, le persone, le loro capacit\u00e0 e il [&hellip;]","og_url":"https:\/\/www.tollegno1900.it\/it\/","og_site_name":"Tollegno 1900","article_modified_time":"2025-11-13T12:19:06+00:00","twitter_card":"summary_large_image","twitter_misc":{"Tempo di lettura stimato":"1 minuto"},"schema":{"@context":"https:\/\/schema.org","@graph":[{"@type":"WebPage","@id":"https:\/\/www.tollegno1900.it\/it\/","url":"https:\/\/www.tollegno1900.it\/it\/","name":"Filatura Tollegno 1900 - Tollegno 1900","isPartOf":{"@id":"https:\/\/www.tollegno1900.it\/it\/#website"},"datePublished":"2022-11-11T15:49:17+00:00","dateModified":"2025-11-13T12:19:06+00:00","breadcrumb":{"@id":"https:\/\/www.tollegno1900.it\/it\/#breadcrumb"},"inLanguage":"it-IT","potentialAction":[{"@type":"ReadAction","target":["https:\/\/www.tollegno1900.it\/it\/"]}]},{"@type":"BreadcrumbList","@id":"https:\/\/www.tollegno1900.it\/it\/#breadcrumb","itemListElement":[{"@type":"ListItem","position":1,"name":"Home","item":"https:\/\/www.tollegno1900.it\/it\/"},{"@type":"ListItem","position":2,"name":"Filatura Tollegno 1900"}]},{"@type":"WebSite","@id":"https:\/\/www.tollegno1900.it\/it\/#website","url":"https:\/\/www.tollegno1900.it\/it\/","name":"Tollegno 1900","description":"Tessitura e Filatura","potentialAction":[{"@type":"SearchAction","target":{"@type":"EntryPoint","urlTemplate":"https:\/\/www.tollegno1900.it\/it\/?s={search_term_string}"},"query-input":{"@type":"PropertyValueSpecification","valueRequired":true,"valueName":"search_term_string"}}],"inLanguage":"it-IT"}]}},"_links":{"self":[{"href":"https:\/\/www.tollegno1900.it\/it\/wp-json\/wp\/v2\/pages\/7093","targetHints":{"allow":["GET"]}}],"collection":[{"href":"https:\/\/www.tollegno1900.it\/it\/wp-json\/wp\/v2\/pages"}],"about":[{"href":"https:\/\/www.tollegno1900.it\/it\/wp-json\/wp\/v2\/types\/page"}],"author":[{"embeddable":true,"href":"https:\/\/www.tollegno1900.it\/it\/wp-json\/wp\/v2\/users\/2"}],"replies":[{"embeddable":true,"href":"https:\/\/www.tollegno1900.it\/it\/wp-json\/wp\/v2\/comments?post=7093"}],"version-history":[{"count":37,"href":"https:\/\/www.tollegno1900.it\/it\/wp-json\/wp\/v2\/pages\/7093\/revisions"}],"predecessor-version":[{"id":10460,"href":"https:\/\/www.tollegno1900.it\/it\/wp-json\/wp\/v2\/pages\/7093\/revisions\/10460"}],"wp:attachment":[{"href":"https:\/\/www.tollegno1900.it\/it\/wp-json\/wp\/v2\/media?parent=7093"}],"curies":[{"name":"wp","href":"https:\/\/api.w.org\/{rel}","templated":true}]}}